{"id":11115,"date":"2025-01-25T19:54:58","date_gmt":"2025-01-25T18:54:58","guid":{"rendered":"https:\/\/danler-sleds.com\/product\/clearlook-sport-spray\/"},"modified":"2025-01-25T19:54:58","modified_gmt":"2025-01-25T18:54:58","slug":"clearlook-sport-spray","status":"publish","type":"product","link":"https:\/\/danler-sleds.com\/en\/product\/clearlook-sport-spray\/","title":{"rendered":"CLEARLOOK SPORT Spray"},"content":{"rendered":"\t\t<div data-elementor-type=\"wp-post\" data-elementor-id=\"11115\" class=\"elementor elementor-11115 elementor-11107\" data-elementor-post-type=\"product\">\n\t\t\t\t\t\t<section class=\"elementor-section elementor-top-section elementor-element elementor-element-4120412 elementor-section-boxed elementor-section-height-default elementor-section-height-default\" data-id=\"4120412\" data-element_type=\"section\">\n\t\t\t\t\t\t<div class=\"elementor-container elementor-column-gap-default\">\n\t\t\t\t\t<div class=\"elementor-column elementor-col-100 elementor-top-column elementor-element elementor-element-2711df7\" data-id=\"2711df7\" data-element_type=\"column\">\n\t\t\t<div class=\"elementor-widget-wrap elementor-element-populated\">\n\t\t\t\t\t\t<div class=\"elementor-element elementor-element-08a6040 elementor-widget elementor-widget-spacer\" data-id=\"08a6040\" data-element_type=\"widget\" data-widget_type=\"spacer.default\">\n\t\t\t\t<div class=\"elementor-widget-container\">\n\t\t\t\t\t\t\t<div class=\"elementor-spacer\">\n\t\t\t<div class=\"elementor-spacer-inner\"><\/div>\n\t\t<\/div>\n\t\t\t\t\t\t<\/div>\n\t\t\t\t<\/div>\n\t\t\t\t\t<\/div>\n\t\t<\/div>\n\t\t\t\t\t<\/div>\n\t\t<\/section>\n\t\t\t\t<\/div>\n\t\t","protected":false},"excerpt":{"rendered":"<p>Auf die Pl\u00e4tze, fertig, los!<br \/>\nCLEARLOOK SPORT wurde speziell f\u00fcr Sportbrillen wie z. B. Skibrillen, Motorradvisiere, Taucherbrillen und Brillen<br \/>\nf\u00fcr alle Indoor- und Outdoorsportarten entwickelt.<br \/>\nAngelaufene Brillen durch Schwitzen oder Temperaturunterschiede werden Dich bei deiner Sporteinheit<br \/>\nnicht mehr l\u00e4nger st\u00f6ren.<\/p>\n<p>Anwendung:<br \/>\nBei starker Verschmutzung Oberfl\u00e4che mit reinigen.<br \/>\nVorder- und R\u00fcckseite mit 1 \u2013 2 Spr\u00fchst\u00f6\u00dfen einspr\u00fchen.<br \/>\nOberfl\u00e4che mit geeignetem Tuch trocknen. Bei Bedarf wiederholen.<br \/>\n<img fetchpriority=\"high\" decoding=\"async\" src=\"https:\/\/danler-sleds.com\/wp-content\/uploads\/2025\/01\/Posting-7-1-300x300.jpg\" alt=\"\" width=\"300\" height=\"300\" class=\"alignnone size-medium wp-image-11110\" srcset=\"https:\/\/danler-sleds.com\/wp-content\/uploads\/2025\/01\/Posting-7-1-300x300.jpg 300w, https:\/\/danler-sleds.com\/wp-content\/uploads\/2025\/01\/Posting-7-1-1024x1024.jpg 1024w, https:\/\/danler-sleds.com\/wp-content\/uploads\/2025\/01\/Posting-7-1-150x150.jpg 150w, https:\/\/danler-sleds.com\/wp-content\/uploads\/2025\/01\/Posting-7-1-768x768.jpg 768w, https:\/\/danler-sleds.com\/wp-content\/uploads\/2025\/01\/Posting-7-1-600x600.jpg 600w, https:\/\/danler-sleds.com\/wp-content\/uploads\/2025\/01\/Posting-7-1-100x100.jpg 100w, https:\/\/danler-sleds.com\/wp-content\/uploads\/2025\/01\/Posting-7-1-1x1.jpg 1w, https:\/\/danler-sleds.com\/wp-content\/uploads\/2025\/01\/Posting-7-1-10x10.jpg 10w, https:\/\/danler-sleds.com\/wp-content\/uploads\/2025\/01\/Posting-7-1.jpg 1080w\" sizes=\"(max-width: 300px) 100vw, 300px\" \/><\/p>\n","protected":false},"featured_media":11109,"comment_status":"open","ping_status":"closed","template":"","meta":{"_seopress_robots_primary_cat":"none","_seopress_titles_title":"CLEARLOOK SPORT","_seopress_titles_desc":"CLEARLOOK SPORT wurde speziell f\u00fcr Sportbrillen wie z. B. Skibrillen, Motorradvisiere, Taucherbrillen und Brillen \r\nf\u00fcr alle Indoor- und Outdoorsportarten entwickelt.","_seopress_robots_index":""},"etheme_brands":[],"product_brand":[],"product_cat":[117,102,118],"product_tag":[120,121],"class_list":{"0":"post-11115","1":"product","2":"type-product","3":"status-publish","4":"has-post-thumbnail","6":"product_cat-accessories","7":"product_cat-clothing","8":"product_cat-uncategorized","9":"product_tag-grand-odyss-en","10":"product_tag-sleds-en","12":"first","13":"instock","14":"taxable","15":"shipping-taxable","16":"purchasable","17":"product-type-variable"},"_links":{"self":[{"href":"https:\/\/danler-sleds.com\/en\/wp-json\/wp\/v2\/product\/11115","targetHints":{"allow":["GET"]}}],"collection":[{"href":"https:\/\/danler-sleds.com\/en\/wp-json\/wp\/v2\/product"}],"about":[{"href":"https:\/\/danler-sleds.com\/en\/wp-json\/wp\/v2\/types\/product"}],"replies":[{"embeddable":true,"href":"https:\/\/danler-sleds.com\/en\/wp-json\/wp\/v2\/comments?post=11115"}],"version-history":[{"count":0,"href":"https:\/\/danler-sleds.com\/en\/wp-json\/wp\/v2\/product\/11115\/revisions"}],"wp:featuredmedia":[{"embeddable":true,"href":"https:\/\/danler-sleds.com\/en\/wp-json\/wp\/v2\/media\/11109"}],"wp:attachment":[{"href":"https:\/\/danler-sleds.com\/en\/wp-json\/wp\/v2\/media?parent=11115"}],"wp:term":[{"taxonomy":"brand","embeddable":true,"href":"https:\/\/danler-sleds.com\/en\/wp-json\/wp\/v2\/etheme_brands?post=11115"},{"taxonomy":"product_brand","embeddable":true,"href":"https:\/\/danler-sleds.com\/en\/wp-json\/wp\/v2\/product_brand?post=11115"},{"taxonomy":"product_cat","embeddable":true,"href":"https:\/\/danler-sleds.com\/en\/wp-json\/wp\/v2\/product_cat?post=11115"},{"taxonomy":"product_tag","embeddable":true,"href":"https:\/\/danler-sleds.com\/en\/wp-json\/wp\/v2\/product_tag?post=11115"}],"curies":[{"name":"wp","href":"https:\/\/api.w.org\/{rel}","templated":true}]}}