{"id":11054,"date":"2025-01-03T21:28:51","date_gmt":"2025-01-03T20:28:51","guid":{"rendered":"https:\/\/danler-sleds.com\/product\/iron-brakes\/"},"modified":"2025-01-03T21:32:14","modified_gmt":"2025-01-03T20:32:14","slug":"iron-brakes","status":"publish","type":"product","link":"https:\/\/danler-sleds.com\/en\/product\/iron-brakes\/","title":{"rendered":"Iron Brakes"},"content":{"rendered":"\t\t<div data-elementor-type=\"wp-post\" data-elementor-id=\"11054\" class=\"elementor elementor-11054 elementor-11037\" data-elementor-post-type=\"product\">\n\t\t\t\t\t\t<section class=\"elementor-section elementor-top-section elementor-element elementor-element-4120412 elementor-section-boxed elementor-section-height-default elementor-section-height-default\" data-id=\"4120412\" data-element_type=\"section\">\n\t\t\t\t\t\t<div class=\"elementor-container elementor-column-gap-default\">\n\t\t\t\t\t<div class=\"elementor-column elementor-col-100 elementor-top-column elementor-element elementor-element-2711df7\" data-id=\"2711df7\" data-element_type=\"column\">\n\t\t\t<div class=\"elementor-widget-wrap elementor-element-populated\">\n\t\t\t\t\t\t<div class=\"elementor-element elementor-element-08a6040 elementor-widget elementor-widget-spacer\" data-id=\"08a6040\" data-element_type=\"widget\" data-widget_type=\"spacer.default\">\n\t\t\t\t<div class=\"elementor-widget-container\">\n\t\t\t\t\t\t\t<div class=\"elementor-spacer\">\n\t\t\t<div class=\"elementor-spacer-inner\"><\/div>\n\t\t<\/div>\n\t\t\t\t\t\t<\/div>\n\t\t\t\t<\/div>\n\t\t\t\t\t<\/div>\n\t\t<\/div>\n\t\t\t\t\t<\/div>\n\t\t<\/section>\n\t\t\t\t<\/div>\n\t\t","protected":false},"excerpt":{"rendered":"<div>\n<div class=\"elementStandard elementContent elementContainer elementContainerStandardColumns elementContainerStandardColumns_var5050\">\n<div class=\"elementStandard elementText\">\n<p>Mit Spikes f\u00fcr sicheres Bremsen auch bei h\u00f6heren Geschwindigkeiten.<br \/>\nLieferumfang: ein Paar Bremshilfen mit 5 Spikes, Befestigungsgurt, Klettband f\u00fcr Transportschutz, Aufbewahrungsbeutel, Bedienungsanleitung<\/p>\n<\/div>\n<\/div>\n<\/div>\n","protected":false},"featured_media":11044,"comment_status":"open","ping_status":"closed","template":"","meta":{"_seopress_robots_primary_cat":"none","_seopress_titles_title":"Iron Brakes - Mit Spikes f\u00fcr sicheres Bremsen","_seopress_titles_desc":"Mit Spikes f\u00fcr sicheres Bremsen auch bei h\u00f6heren Geschwindigkeiten.\nLieferumfang: ein Paar Bremshilfen mit 5 Spikes","_seopress_robots_index":""},"etheme_brands":[],"product_brand":[],"product_cat":[102],"product_tag":[120,121],"class_list":{"0":"post-11054","1":"product","2":"type-product","3":"status-publish","4":"has-post-thumbnail","6":"product_cat-clothing","7":"product_tag-grand-odyss-en","8":"product_tag-sleds-en","10":"first","11":"instock","12":"taxable","13":"shipping-taxable","14":"purchasable","15":"product-type-variable"},"_links":{"self":[{"href":"https:\/\/danler-sleds.com\/en\/wp-json\/wp\/v2\/product\/11054","targetHints":{"allow":["GET"]}}],"collection":[{"href":"https:\/\/danler-sleds.com\/en\/wp-json\/wp\/v2\/product"}],"about":[{"href":"https:\/\/danler-sleds.com\/en\/wp-json\/wp\/v2\/types\/product"}],"replies":[{"embeddable":true,"href":"https:\/\/danler-sleds.com\/en\/wp-json\/wp\/v2\/comments?post=11054"}],"version-history":[{"count":1,"href":"https:\/\/danler-sleds.com\/en\/wp-json\/wp\/v2\/product\/11054\/revisions"}],"predecessor-version":[{"id":11057,"href":"https:\/\/danler-sleds.com\/en\/wp-json\/wp\/v2\/product\/11054\/revisions\/11057"}],"wp:featuredmedia":[{"embeddable":true,"href":"https:\/\/danler-sleds.com\/en\/wp-json\/wp\/v2\/media\/11044"}],"wp:attachment":[{"href":"https:\/\/danler-sleds.com\/en\/wp-json\/wp\/v2\/media?parent=11054"}],"wp:term":[{"taxonomy":"brand","embeddable":true,"href":"https:\/\/danler-sleds.com\/en\/wp-json\/wp\/v2\/etheme_brands?post=11054"},{"taxonomy":"product_brand","embeddable":true,"href":"https:\/\/danler-sleds.com\/en\/wp-json\/wp\/v2\/product_brand?post=11054"},{"taxonomy":"product_cat","embeddable":true,"href":"https:\/\/danler-sleds.com\/en\/wp-json\/wp\/v2\/product_cat?post=11054"},{"taxonomy":"product_tag","embeddable":true,"href":"https:\/\/danler-sleds.com\/en\/wp-json\/wp\/v2\/product_tag?post=11054"}],"curies":[{"name":"wp","href":"https:\/\/api.w.org\/{rel}","templated":true}]}}